{"id":768,"date":"2019-01-26T15:30:03","date_gmt":"2019-01-26T15:30:03","guid":{"rendered":"https:\/\/schultzwebdesign.se\/GL\/?page_id=768"},"modified":"2019-01-26T15:30:03","modified_gmt":"2019-01-26T15:30:03","slug":"honoring-passy","status":"publish","type":"page","link":"https:\/\/schultzwebdesign.se\/GL\/frederic-passy\/honoring-passy\/","title":{"rendered":"Honoring Passy"},"content":{"rendered":"<h1>Fr\u00e9d\u00e9ric Passy<\/h1>\n<p><strong>The Nobel Peace Prize 1901<\/strong><\/p>\n<p class=\"profilebk\"><a href=\"https:\/\/schultzwebdesign.se\/GL\/alfred-nobel\/\">Alfred Nobel&#8217;s<\/a> contemporary. Apostle of Peace, Humanitarian, Economist, Lawyer, Politician. Founder, French peace society. Free trade between independent nations promotes peace. Inspired by <a href=\"https:\/\/schultzwebdesign.se\/GL\/randal-cremer\/\">Nobelist Randal Cremer<\/a>.<\/p>\n<p>Opposed France&#8217;s colonial policy. 1905 Sweden-Norway conflict, declared, &#8216;\u2026peaceful solution will make me hundred times happier than when I received Nobel Prize\u2026&#8217; Wish fulfilled<\/p>\n<p class=\"center heading\">Honoring Passy<\/p>\n<p><a href=\"http:\/\/www.assemblee-nationale.fr\/evenements\/nobel-cicr-5.asp\" target=\"_blank\" rel=\"noopener\"><img class=\"logo_left\" src=\"http:\/\/www.gangalib.org\/images\/assemblee.jpg\" \/>In French. On Fr\u00e9d\u00e9ric Passy from l&#8217;Assembl\u00e9e Nationale<\/a><\/p>\n","protected":false},"excerpt":{"rendered":"<p>Fr\u00e9d\u00e9ric Passy The Nobel Peace Prize 1901 Alfred Nobel&#8217;s contemporary. Apostle of Peace, Humanitarian, Economist, Lawyer, Politician. Founder, French peace society. Free trade between independent nations promotes peace. Inspired by Nobelist Randal Cremer. Opposed France&#8217;s colonial policy. 1905 Sweden-Norway conflict, declared, &#8216;\u2026peaceful solution will make me hundred times happier than when I received Nobel Prize\u2026&#8217; [&hellip;]<\/p>\n","protected":false},"author":1,"featured_media":0,"parent":743,"menu_order":0,"comment_status":"closed","ping_status":"closed","template":"","meta":[],"_links":{"self":[{"href":"https:\/\/schultzwebdesign.se\/GL\/wp-json\/wp\/v2\/pages\/768"}],"collection":[{"href":"https:\/\/schultzwebdesign.se\/GL\/wp-json\/wp\/v2\/pages"}],"about":[{"href":"https:\/\/schultzwebdesign.se\/GL\/wp-json\/wp\/v2\/types\/page"}],"author":[{"embeddable":true,"href":"https:\/\/schultzwebdesign.se\/GL\/wp-json\/wp\/v2\/users\/1"}],"replies":[{"embeddable":true,"href":"https:\/\/schultzwebdesign.se\/GL\/wp-json\/wp\/v2\/comments?post=768"}],"version-history":[{"count":1,"href":"https:\/\/schultzwebdesign.se\/GL\/wp-json\/wp\/v2\/pages\/768\/revisions"}],"predecessor-version":[{"id":769,"href":"https:\/\/schultzwebdesign.se\/GL\/wp-json\/wp\/v2\/pages\/768\/revisions\/769"}],"up":[{"embeddable":true,"href":"https:\/\/schultzwebdesign.se\/GL\/wp-json\/wp\/v2\/pages\/743"}],"wp:attachment":[{"href":"https:\/\/schultzwebdesign.se\/GL\/wp-json\/wp\/v2\/media?parent=768"}],"curies":[{"name":"wp","href":"https:\/\/api.w.org\/{rel}","templated":true}]}}