{"id":766,"date":"2019-01-26T15:29:00","date_gmt":"2019-01-26T15:29:00","guid":{"rendered":"https:\/\/schultzwebdesign.se\/GL\/?page_id=766"},"modified":"2019-01-26T15:29:00","modified_gmt":"2019-01-26T15:29:00","slug":"founder","status":"publish","type":"page","link":"https:\/\/schultzwebdesign.se\/GL\/frederic-passy\/founder\/","title":{"rendered":"Founder"},"content":{"rendered":"<h1>Fr\u00e9d\u00e9ric Passy<\/h1>\n<p><strong>The Nobel Peace Prize 1901<\/strong><\/p>\n<p class=\"profilebk\"><a href=\"https:\/\/schultzwebdesign.se\/GL\/alfred-nobel\/\">Alfred Nobel&#8217;s<\/a> contemporary. Apostle of Peace, Humanitarian, Economist, Lawyer, Politician. Founder, French peace society. Free trade between independent nations promotes peace. Inspired by <a href=\"https:\/\/schultzwebdesign.se\/GL\/randal-cremer\/\">Nobelist Randal Cremer<\/a>.<\/p>\n<p>Opposed France&#8217;s colonial policy. 1905 Sweden-Norway conflict, declared, &#8216;\u2026peaceful solution will make me hundred times happier than when I received Nobel Prize\u2026&#8217; Wish fulfilled<\/p>\n<p class=\"center heading\">Founder<\/p>\n<p>Fr\u00e9d\u00e9ric Passy was the Founder and President of the first French peace society. The society renamed itself Society fran\u00e7aise pour l&#8217;arbitrage entre nations in 1889.<\/p>\n<p>He was also one of the founders of the <a href=\"http:\/\/www.ipu.org\/english\/home.htm\" target=\"_blank\" rel=\"noopener\"> Inter-Parliamentary Union<\/a>. This was an organization for cooperation between the elected representatives of different countries.<\/p>\n","protected":false},"excerpt":{"rendered":"<p>Fr\u00e9d\u00e9ric Passy The Nobel Peace Prize 1901 Alfred Nobel&#8217;s contemporary. Apostle of Peace, Humanitarian, Economist, Lawyer, Politician. Founder, French peace society. Free trade between independent nations promotes peace. Inspired by Nobelist Randal Cremer. Opposed France&#8217;s colonial policy. 1905 Sweden-Norway conflict, declared, &#8216;\u2026peaceful solution will make me hundred times happier than when I received Nobel Prize\u2026&#8217; [&hellip;]<\/p>\n","protected":false},"author":1,"featured_media":0,"parent":743,"menu_order":0,"comment_status":"closed","ping_status":"closed","template":"","meta":[],"_links":{"self":[{"href":"https:\/\/schultzwebdesign.se\/GL\/wp-json\/wp\/v2\/pages\/766"}],"collection":[{"href":"https:\/\/schultzwebdesign.se\/GL\/wp-json\/wp\/v2\/pages"}],"about":[{"href":"https:\/\/schultzwebdesign.se\/GL\/wp-json\/wp\/v2\/types\/page"}],"author":[{"embeddable":true,"href":"https:\/\/schultzwebdesign.se\/GL\/wp-json\/wp\/v2\/users\/1"}],"replies":[{"embeddable":true,"href":"https:\/\/schultzwebdesign.se\/GL\/wp-json\/wp\/v2\/comments?post=766"}],"version-history":[{"count":1,"href":"https:\/\/schultzwebdesign.se\/GL\/wp-json\/wp\/v2\/pages\/766\/revisions"}],"predecessor-version":[{"id":767,"href":"https:\/\/schultzwebdesign.se\/GL\/wp-json\/wp\/v2\/pages\/766\/revisions\/767"}],"up":[{"embeddable":true,"href":"https:\/\/schultzwebdesign.se\/GL\/wp-json\/wp\/v2\/pages\/743"}],"wp:attachment":[{"href":"https:\/\/schultzwebdesign.se\/GL\/wp-json\/wp\/v2\/media?parent=766"}],"curies":[{"name":"wp","href":"https:\/\/api.w.org\/{rel}","templated":true}]}}