{"id":681,"date":"2019-01-26T14:29:57","date_gmt":"2019-01-26T14:29:57","guid":{"rendered":"https:\/\/schultzwebdesign.se\/GL\/?page_id=681"},"modified":"2019-01-26T14:29:57","modified_gmt":"2019-01-26T14:29:57","slug":"books","status":"publish","type":"page","link":"https:\/\/schultzwebdesign.se\/GL\/maurice-maeterlinck\/books\/","title":{"rendered":"Books"},"content":{"rendered":"<h1>Count Maurice (Mooris) Polidore Marie Bernhard Maeterlinck<\/h1>\n<p><strong>The Nobel Prize in Literature 1911<\/strong><\/p>\n<p class=\"profilebk\">Belgian writer in French. Lawyer. Many-sided literary activities. Dramatic works distinguished by a wealth of imagination. Poetic fancy. Reveals deep inspiration. Appeals to readers&#8217; own feelings, stimulates their imaginations.<\/p>\n<p><em>When we lose one we love, our bitterest tears are called forth by the memory of hours when we loved not enough.<\/em><\/p>\n<p class=\"heading center\">Books<\/p>\n<div class=\"bookimg\"><img src=\"http:\/\/www.gangalib.org\/images\/death.jpg\" alt=\"Death\" width=\"70\" \/><\/div>\n<div class=\"bookinfo\">\n<div class=\"leftcol\">Title:<br \/>\nAuthor:<br \/>\nTranslated by:<br \/>\nPublisher:<br \/>\nLength:<\/div>\n<div class=\"rightcol\"><a href=\"https:\/\/books.google.com\/books?id=37tZAAAAMAAJ&amp;printsec=frontcover&amp;dq=inauthor:%22Maurice+Maeterlinck%22&amp;hl=en&amp;sa=X&amp;ei=Zj8HVYXZKtO5oQSSyoGYBA&amp;ved=0CEoQ6wEwBzgK#v=onepage&amp;q&amp;f=false\" target=\"_blank\" rel=\"noopener\">Death<\/a><br \/>\nMaurice Maeterlinck<br \/>\nAlexander Teixeria de Mattos<br \/>\nDodd, Mead &amp; Company, 1912<br \/>\n105 pages<\/div>\n<\/div>\n<div class=\"bookimg\"><img src=\"http:\/\/www.gangalib.org\/images\/maurice_maeterlinck_plays_vol_1.jpg\" alt=\"Maurice Maeterlinck_plays\" width=\"70\" \/><\/div>\n<div class=\"bookinfo\">\n<div class=\"leftcol\">Title:<\/p>\n<p>Author:<br \/>\nTranslated by:<br \/>\nPublisher:<br \/>\nLength:<\/p><\/div>\n<div class=\"rightcol\"><a href=\"https:\/\/books.google.com\/books?id=NAIMAAAAIAAJ&amp;printsec=frontcover&amp;source=gbs_ge_summary_r&amp;cad=0#v=onepage&amp;q&amp;f=false\" target=\"_blank\" rel=\"noopener\">The Plays of Maurice Maeterlinck, Volume 1<\/a><br \/>\nMaurice Maeterlinck<br \/>\nRichard Hovey<br \/>\nStone &amp; Kimball, 1894<br \/>\n369 pages<\/div>\n<\/div>\n<div class=\"bookimg\"><img src=\"http:\/\/www.gangalib.org\/images\/life_of_bee.jpg\" alt=\"Ghost Hour\" width=\"70\" \/><\/div>\n<div class=\"bookinfo\">\n<div class=\"leftcol\">Title:<br \/>\nAuthor:<br \/>\nTranslated by:<br \/>\nPublisher:<br \/>\nLength:<\/div>\n<div class=\"rightcol\"><a href=\"https:\/\/books.google.com\/books?id=qzQ9AAAAYAAJ&amp;printsec=frontcover&amp;dq=The+life+of+the+bee&amp;hl=en&amp;sa=X&amp;ei=TD8IVYqYCMnCggTbg4HgBg&amp;ved=0CCcQ6AEwAA#v=onepage&amp;q=The%20life%20of%20the%20bee&amp;f=false\" target=\"_blank\" rel=\"noopener\">The Life of the Bee<\/a><br \/>\nMaurice Maeterlinck<br \/>\nAlfred Sutro<br \/>\nDodd, Mead, 1920<br \/>\n425 pages<\/div>\n<\/div>\n<div class=\"bookimg\"><img src=\"http:\/\/www.gangalib.org\/images\/aglavaine.jpg\" alt=\"Aglavaine\" width=\"70\" \/><\/div>\n<div class=\"bookinfo\">\n<div class=\"leftcol\">Title:<\/p>\n<p>Author:<br \/>\nTranslated by:<br \/>\nPublisher:<br \/>\nLength:<\/p><\/div>\n<div class=\"rightcol\"><a href=\"https:\/\/books.google.com\/books?id=STcwAAAAYAAJ&amp;printsec=frontcover&amp;source=gbs_ge_summary_r&amp;cad=0#v=onepage&amp;q&amp;f=false\" target=\"_blank\" rel=\"noopener\">Aglavainae and Selysette: A Drama in Five Acts<\/a><br \/>\nMaurice Maeterlinck<br \/>\nAlfred Sutro<br \/>\nDodd, Mead and Company, 1911<br \/>\n165 pages<\/div>\n<\/div>\n<div class=\"bookimg\"><img src=\"http:\/\/www.gangalib.org\/images\/great_secret.jpg\" alt=\"Great Secret\" width=\"70\" \/><\/div>\n<div class=\"bookinfo\">\n<div class=\"leftcol\">Title:<br \/>\nAuthor:<br \/>\nTranslated by:<br \/>\nPublisher:<br \/>\nLength:<\/div>\n<div class=\"rightcol\"><a href=\"https:\/\/books.google.com\/books?id=ABdMAAAAMAAJ&amp;printsec=frontcover&amp;dq=The+Great+Secret++Maurice+Maeterlinck&amp;hl=en&amp;sa=X&amp;ei=aUIIVbjTAvO0sASGvILQAw&amp;ved=0CCcQ6AEwAA#v=onepage&amp;q=The%20Great%20Secret%20%20Maurice%20Maeterlinck&amp;f=false\" target=\"_blank\" rel=\"noopener\">The Great Secret<\/a><br \/>\nMaurice Maeterlinck<br \/>\nBernard Miall<br \/>\nCentury Company, 1922<br \/>\n268 pages<\/div>\n<\/div>\n<div class=\"bookimg\"><img src=\"http:\/\/www.gangalib.org\/images\/onemerson.jpg\" alt=\"On Emerson \" width=\"70\" \/><\/div>\n<div class=\"bookinfo\">\n<div class=\"leftcol\">Title:<br \/>\nAuthor:<br \/>\nTranslated by:<br \/>\nPublisher:<br \/>\nLength:<\/div>\n<div class=\"rightcol\"><a href=\"https:\/\/books.google.com\/books?id=5AxMAAAAMAAJ&amp;printsec=frontcover&amp;source=gbs_ge_summary_r&amp;cad=0#v=onepage&amp;q&amp;f=false\" target=\"_blank\" rel=\"noopener\">On Emerson, and Other Essays<\/a><br \/>\nMaurice Maeterlinck<br \/>\nMontrose Jonas Moses<br \/>\nDodd, Mead and Company, 1912<br \/>\n232 pages<\/div>\n<\/div>\n<div class=\"bookimg\"><img src=\"http:\/\/www.gangalib.org\/images\/interior.jpg\" alt=\"Interior\" width=\"70\" \/><\/div>\n<div class=\"bookinfo\">\n<div class=\"leftcol\">Title:<\/p>\n<p>Author:<br \/>\nTranslated by:<br \/>\nPublisher:<br \/>\nLength:<\/p><\/div>\n<div class=\"rightcol\"><a href=\"https:\/\/books.google.com\/books?id=QC4_AAAAYAAJ&amp;printsec=frontcover&amp;dq=Interior:+A+Play+Maurice+Maeterlinck&amp;hl=en&amp;sa=X&amp;ei=lEQIVezGK7fPsQSauoHIDw&amp;ved=0CB4Q6AEwAA#v=onepage&amp;q=Interior%3A%20A%20Play%20Maurice%20Maeterlinck&amp;f=false\" target=\"_blank\" rel=\"noopener\">Interior: A Play<\/a><br \/>\nIssue 20 of Gowan&#8217;s international library<br \/>\nMaurice Maeterlinck<br \/>\nWilliam Archer<br \/>\nGowans &amp; Gray, 1908<br \/>\n31 pages<\/div>\n<\/div>\n<div class=\"bookimg\"><img src=\"http:\/\/www.gangalib.org\/images\/treasure.jpg\" alt=\"Treasure\" width=\"70\" \/><\/div>\n<div class=\"bookinfo\">\n<div class=\"leftcol\">Title:<br \/>\nAuthor:<br \/>\nPublisher:<br \/>\nLength:<\/div>\n<div class=\"rightcol\"><a href=\"http:\/\/books.google.com\/books?id=kpINAQAAMAAJ&amp;printsec=frontcover#v=onepage&amp;q&amp;f=false\" target=\"_blank\" rel=\"noopener\">The Treasure of the Humble<\/a><br \/>\nMaurice Maeterlinck<br \/>\nDodd, Mead &amp; Company, 1899<br \/>\n244 pages<\/div>\n<\/div>\n<div class=\"bookimg\"><img src=\"http:\/\/www.gangalib.org\/images\/frenddog.jpg\" alt=\"Friend the Dog\" width=\"70\" \/><\/div>\n<div class=\"bookinfo\">\n<div class=\"leftcol\">Title:<br \/>\nAuthor:<br \/>\nTranslated by:<br \/>\nPublisher:<br \/>\nLength:<\/div>\n<div class=\"rightcol\"><a href=\"http:\/\/books.google.com\/books?id=-BhMAAAAMAAJ&amp;printsec=frontcover#v=onepage&amp;q&amp;f=false\" target=\"_blank\" rel=\"noopener\">Our Friend the Dog<\/a><br \/>\nMaurice Maeterlinck<br \/>\nAlexander Teixeria de Mattos<br \/>\nDodd, Mead &amp; Company, 1913<br \/>\n65 pages<\/div>\n<\/div>\n<div class=\"bookimg\"><img src=\"http:\/\/www.gangalib.org\/images\/doublegarden.jpg\" alt=\"Double Garden\" width=\"70\" \/><\/div>\n<div class=\"bookinfo\">\n<div class=\"leftcol\">Title:<br \/>\nAuthor:<br \/>\nTranslated by:<br \/>\nPublisher:<br \/>\nLength:<\/div>\n<div class=\"rightcol\"><a href=\"https:\/\/books.google.com\/books?id=oEAwAAAAYAAJ&amp;printsec=frontcover&amp;source=gbs_ge_summary_r&amp;cad=0#v=onepage&amp;q&amp;f=false\" target=\"_blank\" rel=\"noopener\">The Double Garden<\/a><br \/>\nMaurice Maeterlinck<br \/>\nAlexander Teixeria de Mattos<br \/>\nDodd, Mead &amp; Company, 1904<br \/>\n348 pages<\/div>\n<\/div>\n<div class=\"bookimg\"><img src=\"http:\/\/www.gangalib.org\/images\/unknown.jpg\" alt=\"Unknown Guest\" width=\"70\" \/><\/div>\n<div class=\"bookinfo\">\n<div class=\"leftcol\">Title:<br \/>\nAuthor:<br \/>\nTranslated by:<br \/>\nEdition:<br \/>\nPublisher:<br \/>\nLength:<\/div>\n<div class=\"rightcol\"><a href=\"https:\/\/books.google.com\/books?id=fd4NAAAAYAAJ&amp;printsec=frontcover#v=onepage&amp;q&amp;f=false\" target=\"_blank\" rel=\"noopener\">The Unknown Guest<\/a><br \/>\nMaurice Maeterlinck<br \/>\nAlexander Teixeira de Mattos<br \/>\n2<br \/>\nDodd, Mead &amp; Company, 1914<br \/>\n339 pages<\/div>\n<\/div>\n<div class=\"bookimg\"><img src=\"http:\/\/www.gangalib.org\/images\/pelleas.jpg\" alt=\"Pelleas\" width=\"70\" \/><\/div>\n<div class=\"bookinfo\">\n<div class=\"leftcol\">Title:<\/p>\n<p>Author:<br \/>\nTranslated by:<br \/>\nPublisher:<br \/>\nLength:<br \/>\nSubject:<\/p><\/div>\n<div class=\"rightcol\"><a href=\"https:\/\/books.google.com\/books?id=-wySAAAAIAAJ&amp;printsec=frontcover&amp;source=gbs_ge_summary_r&amp;cad=0#v=onepage&amp;q&amp;f=false\" target=\"_blank\" rel=\"noopener\">P\u00e9ll\u00e9as and M\u00e9lisande: Alladine and Palomides; Home<\/a><br \/>\nMaurice Maeterlinck<br \/>\nRichard Hovey<br \/>\nDodd, Mead &amp; Company, 1913<br \/>\n205 pages<br \/>\nDrama<\/div>\n<\/div>\n<div class=\"bookimg\"><img src=\"http:\/\/www.gangalib.org\/images\/wisdom.jpg\" alt=\"Wisdom and Destiny\" width=\"70\" \/><\/div>\n<div class=\"bookinfo\">\n<div class=\"leftcol\">Title:<br \/>\nAuthor:<br \/>\nPublisher<br \/>\nLength:<\/div>\n<div class=\"rightcol\"><a href=\"https:\/\/books.google.com\/books?id=jz49AAAAYAAJ&amp;printsec=frontcover&amp;dq=Wisdom+and+Destiny.Maurice+Maeterlinck&amp;hl=en&amp;sa=X&amp;ei=wEgIVerwBMTisATPuIGgAQ&amp;ved=0CCwQ6AEwAA#v=onepage&amp;q=Wisdom%20and%20Destiny.Maurice%20Maeterlinck&amp;f=false\" target=\"_blank\" rel=\"noopener\">Wisdom and Destiny<\/a><br \/>\nMaurice Maeterlinck<br \/>\nDodd, and Co., 1900<br \/>\n353 pages<\/div>\n<\/div>\n<div class=\"bookimg\"><img src=\"http:\/\/www.gangalib.org\/images\/monna.jpg\" alt=\"Monna Vanna\" width=\"70\" \/><\/div>\n<div class=\"bookinfo\">\n<div class=\"leftcol\">\nTitle:<\/p>\n<p>Author:<br \/>\nTranslated by:<br \/>\nPublisher:<br \/>\nLength:<\/p><\/div>\n<div class=\"rightcol\"><em>Please scroll down to first page<\/em><br \/>\n<a href=\"https:\/\/books.google.com\/books?id=XUdFAQAAMAAJ&amp;printsec=frontcover&amp;source=gbs_ge_summary_r&amp;cad=3#v=onepage&amp;q&amp;f=false\" target=\"_blank\" rel=\"noopener\">Monna Vanna: A Drama<br \/>\nVolume 15, Issue 3 of Poet Lore<br \/>\nVolume 31, Issue 5183 of Three Centuries of French Drama<\/a><br \/>\nMaurice Maeterlinck<br \/>\nCharlette Endymion Porter<br \/>\nPoet Lore Company, 1904<br \/>\n52 pages<\/div>\n<\/div>\n<div class=\"bookimg\"><img src=\"http:\/\/www.gangalib.org\/images\/eternity.jpg\" alt=\"Our Eternity\" width=\"70\" \/><\/div>\n<div class=\"bookinfo\">\n<div class=\"leftcol\">Title:<br \/>\nAuthor:<br \/>\nTranslated by:<br \/>\nPublisher:<br \/>\nLength:<\/div>\n<div class=\"rightcol\"><a href=\"https:\/\/books.google.com\/books?id=TcNcAAAAMAAJ&amp;printsec=frontcover&amp;dq=Our+Eternity+Maurice+Maeterlinck&amp;hl=en&amp;sa=X&amp;ei=OEoIVaqIOMOggwSBwYLoDg&amp;ved=0CB4Q6AEwAA#v=onepage&amp;q=Our%20Eternity%20Maurice%20Maeterlinck&amp;f=false\" target=\"_blank\" rel=\"noopener\">Our Eternity<\/a><br \/>\nMaurice Maeterlinck<br \/>\nAlexander Teixeiria de Mattos<br \/>\nDodd, Mead, 1913<br \/>\n258 pages<\/div>\n<\/div>\n<div class=\"bookimg\"><img src=\"http:\/\/www.gangalib.org\/images\/bluebird.jpg\" alt=\"Blue Bird\" width=\"70\" \/><\/div>\n<div class=\"bookinfo\">\n<div class=\"leftcol\">Title:<\/p>\n<p>Author:<br \/>\nTranslated by:<br \/>\nPublisher:<br \/>\nLength:<\/p><\/div>\n<div class=\"rightcol\"><a href=\"https:\/\/books.google.com\/books?id=eWQRAAAAYAAJ&amp;printsec=frontcover&amp;dq=The+Blue+Bird:+A+Fairy+Play+in+Six+Acts+Maurice+Maeterlinck&amp;hl=en&amp;sa=X&amp;ei=hkoIVeSgH4HagwT4goKYCA&amp;ved=0CCkQ6AEwAA#v=onepage&amp;q=The%20Blue%20Bird%3A%20A%20Fairy%20Play%20in%20Six%20Acts%20Maurice%20Maeterlinck&amp;f=false\" target=\"_blank\" rel=\"noopener\">The Blue Bird: A Fairy Play in Six Acts<br \/>\nThe Works of Maurice Maeterlinck.<\/a><br \/>\nMaurice Maeterlinck<br \/>\nAlexander Teixeiria de Mattos<br \/>\nDodd, Mead, 1911<br \/>\n287 pages<\/div>\n<\/div>\n<div class=\"bookimg\"><img src=\"http:\/\/www.gangalib.org\/images\/lifeflowers.jpg\" alt=\"Life and Flowers\" width=\"70\" \/><\/div>\n<div class=\"bookinfo\">\n<div class=\"leftcol\">Title:<br \/>\nAuthor:<br \/>\nTranslated by:<br \/>\nPublisher:<br \/>\nLength:<\/div>\n<div class=\"rightcol\"><a href=\"https:\/\/books.google.com\/books?id=SK5BAAAAYAAJ&amp;printsec=frontcover&amp;dq=Life+and+Flowers+Maurice+Maeterlinck&amp;hl=en&amp;sa=X&amp;ei=GEsIVb3AGIenNtiVgqgF&amp;ved=0CDEQ6AEwAA#v=onepage&amp;q=Life%20and%20Flowers%20Maurice%20Maeterlinck&amp;f=false\" target=\"_blank\" rel=\"noopener\">Life and Flowers<\/a><br \/>\nMaurice Maeterlinck<br \/>\nAlexander Teixeiria de Mattos<br \/>\nG. Allen, 1907<br \/>\n312 pages<\/div>\n<\/div>\n<div class=\"bookimg\"><img src=\"http:\/\/www.gangalib.org\/images\/trollopeprize3.jpg\" alt=\"Trollope Prize\" width=\"70\" \/><\/div>\n<div class=\"bookinfo\">\n<div class=\"leftcol\">Title:<\/div>\n<div class=\"rightcol\"><a href=\"http:\/\/fortnightlyreview.co.uk\/2011\/12\/the-evolution-of-mystery\/\" target=\"_blank\" rel=\"noopener\">The Evolution of Mystery by Maurice Maeterlinck. The Fortnightly Review.<\/a><\/div>\n<\/div>\n<div class=\"bookimg\"><img src=\"http:\/\/www.gangalib.org\/images\/gutenberg_logo.jpg\" alt=\"Gutenburg\" width=\"70\" \/><\/div>\n<div class=\"bookinfo\">\n<div class=\"leftcol\">Title:<\/div>\n<div class=\"rightcol\"><a href=\"http:\/\/www.gutenberg.org\/ebooks\/author\/795\" target=\"_blank\" rel=\"noopener\">Works by Maurice Maeterlinck at Project Gutenberg<\/a><\/div>\n<\/div>\n<div class=\"bookimg\"><img src=\"http:\/\/www.gangalib.org\/images\/archive.png\" alt=\"Internet Archive\" width=\"70\" \/><\/div>\n<div class=\"bookinfo\">\n<div class=\"leftcol\">Title:<\/div>\n<div class=\"rightcol\"><a href=\"http:\/\/archive.org\/search.php?query=%28subject%3A%22Maeterlinck%2C%20Maurice%22%20OR%20subject%3A%22Maurice%20Maeterlinck%22%20OR%20creator%3A%22Maeterlinck%2C%20Maurice%22%20OR%20creator%3A%22Maurice%20Maeterlinck%22%20OR%20creator%3A%22Maeterlinck%2C%20M%2E%22%20OR%20title%3A%22Maurice%20Maeterlinck%22%20OR%20description%3A%22Maeterlinck%2C%20Maurice%22%20OR%20description%3A%22Maurice%20Maeterlinck%22%29%20OR%20%28%221862-1949%22%20AND%20Maeterlinck%29\" target=\"_blank\" rel=\"noopener\">Works by or about Maurice Maeterlinck at Internet Archive<\/a><\/div>\n<\/div>\n<div class=\"bookimg\"><img src=\"http:\/\/www.gangalib.org\/images\/bwlogo.jpg\" alt=\"Internet Archive\" width=\"70\" \/><\/div>\n<div class=\"bookinfo\">\n<div class=\"leftcol\">Title:<\/div>\n<div class=\"rightcol\"><a href=\"http:\/\/authorscalendar.info\/maeterli.htm\" target=\"_blank\" rel=\"noopener\">On Maurice Maeterlinck from Pegasos author&#8217;s calendar<\/a><\/div>\n<\/div>\n<div class=\"bookimg\"><img src=\"http:\/\/www.gangalib.org\/images\/speaker.png\" alt=\"Speaker\" \/><\/div>\n<div class=\"bookinfo\">\n<div class=\"leftcol\">Title:<\/div>\n<div class=\"rightcol\"><a href=\"https:\/\/librivox.org\/author\/2835?primary_key=2835&amp;search_category=author&amp;search_page=1&amp;search_form=get_results\" target=\"_blank\" rel=\"noopener\">Works by Maurice Maeterlinck at LibriVox audiobooks<\/a><\/div>\n<\/div>\n<p><a href=\"https:\/\/www.youtube.com\/watch?v=eERYxFfDpw0\" target=\"_blank\" rel=\"noopener\">The Blue Bird-1918<\/a>-Maurice Tourneur-One of the most beautiful films of all time-Full movie. &#8220;The Blue Bird&#8221; is a 1918 silent film directed by Maurice Tourneur in the United States, under the auspices of producer Adolph Zukor and is one of the most beautiful, captivating phantasy films of all time. In 2004, this film was deemed &#8220;culturally, historically, or aesthetically significant&#8221; by the United States Library of Congress and selected for preservation in its National Film Registry.<\/p>\n<div class=\"su-youtube su-responsive-media-yes\"><iframe width=\"600\" height=\"400\" src=\"https:\/\/www.youtube.com\/embed\/eERYxFfDpw0?\" frameborder=\"0\" allowfullscreen=\"true\"><\/iframe><\/div>\n<p><a href=\"https:\/\/www.youtube.com\/watch?v=xetEMM51eRQ\" target=\"_blank\" rel=\"noopener\">The Blue Bird 1940<\/a>. 20<sup>th<\/sup> Century Fox Film.<\/p>\n<div class=\"su-youtube su-responsive-media-yes\"><iframe width=\"600\" height=\"400\" src=\"https:\/\/www.youtube.com\/embed\/xetEMM51eRQ?\" frameborder=\"0\" allowfullscreen=\"true\"><\/iframe><\/div>\n<p><a href=\"https:\/\/www.youtube.com\/results?search_query=maurice+maeterlinck\" target=\"_blank\" rel=\"noopener\"><img class=\"logo_left\" src=\"http:\/\/www.gangalib.org\/images\/youtubelogo.png\" \/>Maurice Maeterlinck<\/a><\/p>\n<div class=\"bookimg clear\"><img src=\"http:\/\/www.gangalib.org\/images\/logo_wcmasthead_en.png\" alt=\"World Cat\" \/><\/div>\n<p><a href=\"http:\/\/www.worldcat.org\/search?q=kw%3AMaurice+Maeterlinck&amp;qt=results_page\" target=\"_blank\" rel=\"noopener\">Maurice Maeterlinck<\/a> Find in a library near you. In Worldcat page, click book of interest to you. Scroll down to libraries which possess book. Possibly more than one person with same name<\/p>\n","protected":false},"excerpt":{"rendered":"<p>Count Maurice (Mooris) Polidore Marie Bernhard Maeterlinck The Nobel Prize in Literature 1911 Belgian writer in French. Lawyer. Many-sided literary activities. Dramatic works distinguished by a wealth of imagination. Poetic fancy. Reveals deep inspiration. Appeals to readers&#8217; own feelings, stimulates their imaginations. When we lose one we love, our bitterest tears are called forth by [&hellip;]<\/p>\n","protected":false},"author":1,"featured_media":0,"parent":678,"menu_order":0,"comment_status":"closed","ping_status":"closed","template":"","meta":[],"_links":{"self":[{"href":"https:\/\/schultzwebdesign.se\/GL\/wp-json\/wp\/v2\/pages\/681"}],"collection":[{"href":"https:\/\/schultzwebdesign.se\/GL\/wp-json\/wp\/v2\/pages"}],"about":[{"href":"https:\/\/schultzwebdesign.se\/GL\/wp-json\/wp\/v2\/types\/page"}],"author":[{"embeddable":true,"href":"https:\/\/schultzwebdesign.se\/GL\/wp-json\/wp\/v2\/users\/1"}],"replies":[{"embeddable":true,"href":"https:\/\/schultzwebdesign.se\/GL\/wp-json\/wp\/v2\/comments?post=681"}],"version-history":[{"count":1,"href":"https:\/\/schultzwebdesign.se\/GL\/wp-json\/wp\/v2\/pages\/681\/revisions"}],"predecessor-version":[{"id":682,"href":"https:\/\/schultzwebdesign.se\/GL\/wp-json\/wp\/v2\/pages\/681\/revisions\/682"}],"up":[{"embeddable":true,"href":"https:\/\/schultzwebdesign.se\/GL\/wp-json\/wp\/v2\/pages\/678"}],"wp:attachment":[{"href":"https:\/\/schultzwebdesign.se\/GL\/wp-json\/wp\/v2\/media?parent=681"}],"curies":[{"name":"wp","href":"https:\/\/api.w.org\/{rel}","templated":true}]}}