{"id":223,"date":"2019-01-08T02:08:39","date_gmt":"2019-01-08T02:08:39","guid":{"rendered":"https:\/\/schultzwebdesign.se\/GL\/?page_id=223"},"modified":"2019-01-08T02:37:16","modified_gmt":"2019-01-08T02:37:16","slug":"patents","status":"publish","type":"page","link":"https:\/\/schultzwebdesign.se\/GL\/alfred-nobel\/patents\/","title":{"rendered":"Patents"},"content":{"rendered":"<p class=\"heading center\">Patents<\/p>\n<p>Alfred Nobel held 355 patents, including Swedish and English patents, worldwide. He invented dynamite. He conducted research to create innumerable products including synthetic rubber, leather and artificial silk.<\/p>\n<table>\n<tbody>\n<tr>\n<td class=\"bluebar\"><\/td>\n<\/tr>\n<tr>\n<td class=\"leftcol lightblue\">Description:<\/td>\n<td class=\"rightcol\"><b>Svenska<\/b>: Alfred Nobels patentans\u00f6kan om patent p\u00e5 t\u00e4ndhatten och principen f\u00f6r initialt\u00e4ndning av nitroglycerin.<br \/>\n<b>English<\/b>: Alfred Nobel&#8217;s application for patent, regarding his percussion cap and principles for initial ignition of nitroglycerine.<\/td>\n<\/tr>\n<tr>\n<td class=\"leftcol lightblue\">Date:<\/td>\n<td class=\"rightcol\">June, 1864<\/td>\n<\/tr>\n<tr>\n<td class=\"leftcol lightblue\">Figure:<\/td>\n<td class=\"rightcol\"><img class=\"center\" src=\"http:\/\/www.gangalib.org\/images\/alfred_nobel_fig88.jpg\" alt=\"Alfred Nobel Fig88\" \/><\/td>\n<\/tr>\n<\/tbody>\n<\/table>\n","protected":false},"excerpt":{"rendered":"<p>Patents Alfred Nobel held 355 patents, including Swedish and English patents, worldwide. He invented dynamite. He conducted research to create innumerable products including synthetic rubber, leather and artificial silk. Description: Svenska: Alfred Nobels patentans\u00f6kan om patent p\u00e5 t\u00e4ndhatten och principen f\u00f6r initialt\u00e4ndning av nitroglycerin. English: Alfred Nobel&#8217;s application for patent, regarding his percussion cap and [&hellip;]<\/p>\n","protected":false},"author":1,"featured_media":0,"parent":191,"menu_order":0,"comment_status":"closed","ping_status":"closed","template":"","meta":[],"_links":{"self":[{"href":"https:\/\/schultzwebdesign.se\/GL\/wp-json\/wp\/v2\/pages\/223"}],"collection":[{"href":"https:\/\/schultzwebdesign.se\/GL\/wp-json\/wp\/v2\/pages"}],"about":[{"href":"https:\/\/schultzwebdesign.se\/GL\/wp-json\/wp\/v2\/types\/page"}],"author":[{"embeddable":true,"href":"https:\/\/schultzwebdesign.se\/GL\/wp-json\/wp\/v2\/users\/1"}],"replies":[{"embeddable":true,"href":"https:\/\/schultzwebdesign.se\/GL\/wp-json\/wp\/v2\/comments?post=223"}],"version-history":[{"count":2,"href":"https:\/\/schultzwebdesign.se\/GL\/wp-json\/wp\/v2\/pages\/223\/revisions"}],"predecessor-version":[{"id":225,"href":"https:\/\/schultzwebdesign.se\/GL\/wp-json\/wp\/v2\/pages\/223\/revisions\/225"}],"up":[{"embeddable":true,"href":"https:\/\/schultzwebdesign.se\/GL\/wp-json\/wp\/v2\/pages\/191"}],"wp:attachment":[{"href":"https:\/\/schultzwebdesign.se\/GL\/wp-json\/wp\/v2\/media?parent=223"}],"curies":[{"name":"wp","href":"https:\/\/api.w.org\/{rel}","templated":true}]}}